{"id":11465,"date":"2021-07-20T12:07:11","date_gmt":"2021-07-20T15:07:11","guid":{"rendered":"https:\/\/almanaque.dreamhosters.com\/?post_type=product&#038;p=3773"},"modified":"2024-11-27T19:10:16","modified_gmt":"2024-11-27T23:10:16","slug":"edicao9-2","status":"publish","type":"product","link":"https:\/\/almanaquecuiaba.com.br\/impressa\/produto\/edicao9-2\/","title":{"rendered":"Edi\u00e7\u00e3o#9"},"content":{"rendered":"<p style=\"font-weight: 400;\">Com uma equipe editorial digoreste*, o Almanaque Cuyab\u00e1 traz registros in\u00e9ditos sobre os principais fatos e acontecimentos da hist\u00f3ria cuiabana e, por extens\u00e3o, mato-grossense, al\u00e9m de informa\u00e7\u00f5es sobre nossos escritores, dramaturgos, artistas pl\u00e1sticos e c\u00eanicos, m\u00fasicos, tipos populares e pontos de vista que tra\u00e7am trajet\u00f3ria intelectual, pol\u00edtica e cultural de figuras de destaque do cotidiano.<br \/>\n<em>*digoreste: termo cuiabano que d\u00e1 qualidade \u00e0quele que \u00e9 \u00f3timo, bom e ex\u00edmio, entre outros adjetivos similares.<\/em><\/p>\n<p style=\"font-weight: 400;\">Clique <a href=\"https:\/\/almanaque.dreamhosters.com\/portfolio\/edicao9\/\">aqui<\/a> e confira breve conte\u00fado desta edi\u00e7\u00e3o<\/p>\n","protected":false},"excerpt":{"rendered":"<p><b><strong>DESPRECONCEITUOSA!<\/strong><\/b><\/p>\n<p>A edi\u00e7\u00e3o n\u00famero 9 do Almanaque Cuyab\u00e1 \u00e9 um basta a qualquer preconceito dos povos. O t\u00edtulo: Kizomba! o preconceito se rende ao brilho dos olhos, com fotografia de Sebasti\u00e3o Salgado, a edi\u00e7\u00e3o reverencia Zumbi dos Palmares e sua luta herc\u00falea em defesa do seu povo.\u00a0 A edi\u00e7\u00e3o ainda traz os fatos inusitados e acontecimentos marcantes ocorridos na terra de Pascoal Moreira Cabral.<\/p>\n","protected":false},"featured_media":38656,"comment_status":"open","ping_status":"closed","template":"","meta":[],"product_brand":[],"product_cat":[76],"product_tag":[127,128,129,78,130],"class_list":{"0":"post-11465","1":"product","2":"type-product","3":"status-publish","4":"has-post-thumbnail","6":"product_cat-edicoes-anteriores","7":"product_tag-127","8":"product_tag-edicao9","9":"product_tag-impressa9","10":"product_tag-revistaalmanaque","11":"product_tag-revistaalmanaque9","13":"first","14":"instock","15":"shipping-taxable","16":"purchasable","17":"product-type-simple"},"acf":[],"_links":{"self":[{"href":"https:\/\/almanaquecuiaba.com.br\/impressa\/wp-json\/wp\/v2\/product\/11465","targetHints":{"allow":["GET"]}}],"collection":[{"href":"https:\/\/almanaquecuiaba.com.br\/impressa\/wp-json\/wp\/v2\/product"}],"about":[{"href":"https:\/\/almanaquecuiaba.com.br\/impressa\/wp-json\/wp\/v2\/types\/product"}],"replies":[{"embeddable":true,"href":"https:\/\/almanaquecuiaba.com.br\/impressa\/wp-json\/wp\/v2\/comments?post=11465"}],"version-history":[{"count":0,"href":"https:\/\/almanaquecuiaba.com.br\/impressa\/wp-json\/wp\/v2\/product\/11465\/revisions"}],"wp:featuredmedia":[{"embeddable":true,"href":"https:\/\/almanaquecuiaba.com.br\/impressa\/wp-json\/wp\/v2\/media\/38656"}],"wp:attachment":[{"href":"https:\/\/almanaquecuiaba.com.br\/impressa\/wp-json\/wp\/v2\/media?parent=11465"}],"wp:term":[{"taxonomy":"product_brand","embeddable":true,"href":"https:\/\/almanaquecuiaba.com.br\/impressa\/wp-json\/wp\/v2\/product_brand?post=11465"},{"taxonomy":"product_cat","embeddable":true,"href":"https:\/\/almanaquecuiaba.com.br\/impressa\/wp-json\/wp\/v2\/product_cat?post=11465"},{"taxonomy":"product_tag","embeddable":true,"href":"https:\/\/almanaquecuiaba.com.br\/impressa\/wp-json\/wp\/v2\/product_tag?post=11465"}],"curies":[{"name":"wp","href":"https:\/\/api.w.org\/{rel}","templated":true}]}}