{"id":3700,"date":"2021-07-20T12:33:07","date_gmt":"2021-07-20T15:33:07","guid":{"rendered":"https:\/\/almanaque.dreamhosters.com\/?post_type=product&#038;p=3700"},"modified":"2024-12-20T18:17:05","modified_gmt":"2024-12-20T22:17:05","slug":"edicao35","status":"publish","type":"product","link":"https:\/\/almanaquecuiaba.com.br\/impressa\/produto\/edicao35\/","title":{"rendered":"Edi\u00e7\u00e3o#35"},"content":{"rendered":"<p style=\"font-weight: 400;\">Com uma equipe editorial digoreste*, o Almanaque Cuyab\u00e1 traz registros in\u00e9ditos sobre os principais fatos e acontecimentos da hist\u00f3ria cuiabana e, por extens\u00e3o, mato-grossense, al\u00e9m de informa\u00e7\u00f5es sobre nossos escritores, dramaturgos, artistas pl\u00e1sticos e c\u00eanicos, m\u00fasicos, tipos populares e pontos de vista que tra\u00e7am trajet\u00f3ria intelectual, pol\u00edtica e cultural de figuras de destaque do cotidiano.<br \/>\n<em>*digoreste: termo cuiabano que d\u00e1 qualidade \u00e0quele que \u00e9 \u00f3timo, bom e ex\u00edmio, entre outros adjetivos similares.<\/em><\/p>\n<p style=\"font-weight: 400;\">Clique <a href=\"https:\/\/almanaque.dreamhosters.com\/portfolio\/edicao37\/\">aq#35ui <\/a>e confira breve conte\u00fado desta edi\u00e7\u00e3o<\/p>\n","protected":false},"excerpt":{"rendered":"<p><strong>ALCUNHAS!<\/strong><\/p>\n<p>Nomes, Sobrenomes e Apelidos. Com esse t\u00edtulo, a trig\u00e9sima-quinta edi\u00e7\u00e3o do Almanaque Cuyab\u00e1 traz curiosidades dos nomes que povoam lista de registros em cart\u00f3rios, como jo\u00e3os, marias e jos\u00e9s. No rol de apelidos, Francisco \u00e9 Chico, Benedito \u00e9 Dito, Ant\u00f4nio \u00e9 Tonho, Sebasti\u00e3o \u00e9 Ti\u00e3o e o mais popular \u00e9 Jos\u00e9, que tem Z\u00e9 por alcunha, al\u00e9m de fatos inusitados e acontecimentos marcantes ocorridos na terra de Pascoal Moreira Cabral<\/p>\n","protected":false},"featured_media":38631,"comment_status":"open","ping_status":"closed","template":"","meta":[],"product_brand":[],"product_cat":[76],"product_tag":[139,140,141,78,142],"class_list":{"0":"post-3700","1":"product","2":"type-product","3":"status-publish","4":"has-post-thumbnail","6":"product_cat-edicoes-anteriores","7":"product_tag-139","8":"product_tag-edicao35","9":"product_tag-impressa35","10":"product_tag-revistaalmanaque","11":"product_tag-revistaalmanaque35","13":"first","14":"instock","15":"shipping-taxable","16":"purchasable","17":"product-type-simple"},"acf":[],"_links":{"self":[{"href":"https:\/\/almanaquecuiaba.com.br\/impressa\/wp-json\/wp\/v2\/product\/3700","targetHints":{"allow":["GET"]}}],"collection":[{"href":"https:\/\/almanaquecuiaba.com.br\/impressa\/wp-json\/wp\/v2\/product"}],"about":[{"href":"https:\/\/almanaquecuiaba.com.br\/impressa\/wp-json\/wp\/v2\/types\/product"}],"replies":[{"embeddable":true,"href":"https:\/\/almanaquecuiaba.com.br\/impressa\/wp-json\/wp\/v2\/comments?post=3700"}],"version-history":[{"count":0,"href":"https:\/\/almanaquecuiaba.com.br\/impressa\/wp-json\/wp\/v2\/product\/3700\/revisions"}],"wp:featuredmedia":[{"embeddable":true,"href":"https:\/\/almanaquecuiaba.com.br\/impressa\/wp-json\/wp\/v2\/media\/38631"}],"wp:attachment":[{"href":"https:\/\/almanaquecuiaba.com.br\/impressa\/wp-json\/wp\/v2\/media?parent=3700"}],"wp:term":[{"taxonomy":"product_brand","embeddable":true,"href":"https:\/\/almanaquecuiaba.com.br\/impressa\/wp-json\/wp\/v2\/product_brand?post=3700"},{"taxonomy":"product_cat","embeddable":true,"href":"https:\/\/almanaquecuiaba.com.br\/impressa\/wp-json\/wp\/v2\/product_cat?post=3700"},{"taxonomy":"product_tag","embeddable":true,"href":"https:\/\/almanaquecuiaba.com.br\/impressa\/wp-json\/wp\/v2\/product_tag?post=3700"}],"curies":[{"name":"wp","href":"https:\/\/api.w.org\/{rel}","templated":true}]}}