{"id":3926,"date":"2021-07-20T18:12:40","date_gmt":"2021-07-20T22:12:40","guid":{"rendered":"https:\/\/almanaque.dreamhosters.com\/?post_type=product&#038;p=3926"},"modified":"2025-07-07T11:57:02","modified_gmt":"2025-07-07T15:57:02","slug":"kit-benedito-coati","status":"publish","type":"product","link":"https:\/\/almanaquecuiaba.com.br\/impressa\/produto\/kit-benedito-coati\/","title":{"rendered":"KIT BENEDITO COATI"},"content":{"rendered":"<p style=\"font-weight: 400;\">Com uma equipe editorial digoreste*, o Almanaque Cuyab\u00e1 traz registros in\u00e9ditos sobre os principais fatos e acontecimentos da hist\u00f3ria cuiabana e, por extens\u00e3o, mato-grossense, al\u00e9m de informa\u00e7\u00f5es sobre nossos escritores, dramaturgos, artistas pl\u00e1sticos e c\u00eanicos, m\u00fasicos, tipos populares e pontos de vista que tra\u00e7am trajet\u00f3ria intelectual, pol\u00edtica e cultural de figuras de destaque do cotidiano.<br \/>\n<em>*digoreste: termo cuiabano que d\u00e1 qualidade \u00e0quele que \u00e9 \u00f3timo, bom e ex\u00edmio, entre outros adjetivos similares.<\/em><\/p>\n<p><b><strong>OP\u00c7\u00d5ES DE VANTAGENS DO KIT COMBO:<\/strong><\/b><br \/>\n&#8211; Facilidade em receber 3 edi\u00e7\u00f5es do Almanaque Cuyab\u00e1 de uma s\u00f3 vez entregue no endere\u00e7o indicado.\u00a0 (#13, #14 e #15)<br \/>\n&#8211; Op\u00e7\u00e3o de adquirir kits de sua prefer\u00eancia at\u00e9 completar a cole\u00e7\u00e3o.<br \/>\n&#8211; Kit Combo contendo 3 edi\u00e7\u00f5es.<br \/>\n&#8211; Pagamento com seguran\u00e7a pelo PagSeguro.<\/p>\n<blockquote>\n<p style=\"font-weight: 400;\"><b><strong>SOBRE<\/strong><\/b><br \/>\nBenedito Coati, segundo o escritor Jo\u00e3o Moreira de Barros, era uma figura magra, alta e com o rosto t\u00e3o comprido que mais parecia um mam\u00edfero Coati. A palavra &#8220;quati&#8221; \u00e9 derivada do termo tupi akwa&#8217;tim, que significa &#8220;nariz pontudo&#8221;, caracter\u00edstica que levou os cuiabanos apelidarem seo Benedito.<\/p>\n<\/blockquote>\n","protected":false},"excerpt":{"rendered":"<p style=\"font-weight: 400;\"><b><strong>PARA COLECIONADOR<br \/>\n<\/strong><\/b>Seja um colecionador da revista Almanaque Cuyab\u00e1. Com o Kit Combo Benedito Coati voc\u00ea mant\u00e9m a mem\u00f3ria dos tipos cuiabanos e ainda recebe no endere\u00e7o indicado 3 edi\u00e7\u00f5es anteriores (#13, #14 e #15) por um pre\u00e7o menor do que a soma do valor dos exemplares avulsos, podendo iniciar ou completar sua cole\u00e7\u00e3o.<\/p>\n","protected":false},"featured_media":3927,"comment_status":"open","ping_status":"closed","template":"","meta":[],"product_brand":[],"product_cat":[287],"product_tag":[319,320,284,285,107,286,288,72],"class_list":{"0":"post-3926","1":"product","2":"type-product","3":"status-publish","4":"has-post-thumbnail","6":"product_cat-kit-combo","7":"product_tag-13-14-15","8":"product_tag-beneditocoati","9":"product_tag-colecao","10":"product_tag-combo","11":"product_tag-impressa","12":"product_tag-kit","13":"product_tag-kitcombo","14":"product_tag-revista","16":"first","17":"instock","18":"sale","19":"shipping-taxable","20":"purchasable","21":"product-type-simple"},"acf":[],"_links":{"self":[{"href":"https:\/\/almanaquecuiaba.com.br\/impressa\/wp-json\/wp\/v2\/product\/3926","targetHints":{"allow":["GET"]}}],"collection":[{"href":"https:\/\/almanaquecuiaba.com.br\/impressa\/wp-json\/wp\/v2\/product"}],"about":[{"href":"https:\/\/almanaquecuiaba.com.br\/impressa\/wp-json\/wp\/v2\/types\/product"}],"replies":[{"embeddable":true,"href":"https:\/\/almanaquecuiaba.com.br\/impressa\/wp-json\/wp\/v2\/comments?post=3926"}],"version-history":[{"count":1,"href":"https:\/\/almanaquecuiaba.com.br\/impressa\/wp-json\/wp\/v2\/product\/3926\/revisions"}],"predecessor-version":[{"id":43367,"href":"https:\/\/almanaquecuiaba.com.br\/impressa\/wp-json\/wp\/v2\/product\/3926\/revisions\/43367"}],"wp:featuredmedia":[{"embeddable":true,"href":"https:\/\/almanaquecuiaba.com.br\/impressa\/wp-json\/"}],"wp:attachment":[{"href":"https:\/\/almanaquecuiaba.com.br\/impressa\/wp-json\/wp\/v2\/media?parent=3926"}],"wp:term":[{"taxonomy":"product_brand","embeddable":true,"href":"https:\/\/almanaquecuiaba.com.br\/impressa\/wp-json\/wp\/v2\/product_brand?post=3926"},{"taxonomy":"product_cat","embeddable":true,"href":"https:\/\/almanaquecuiaba.com.br\/impressa\/wp-json\/wp\/v2\/product_cat?post=3926"},{"taxonomy":"product_tag","embeddable":true,"href":"https:\/\/almanaquecuiaba.com.br\/impressa\/wp-json\/wp\/v2\/product_tag?post=3926"}],"curies":[{"name":"wp","href":"https:\/\/api.w.org\/{rel}","templated":true}]}}